{"id":66,"date":"2022-01-18T14:21:40","date_gmt":"2022-01-18T14:21:40","guid":{"rendered":"https:\/\/autodiagnostas.lt\/?page_id=66"},"modified":"2022-01-18T14:21:41","modified_gmt":"2022-01-18T14:21:41","slug":"pristatymas-ir-apmokejimas","status":"publish","type":"page","link":"https:\/\/autodiagnostas.lt\/index.php\/pristatymas-ir-apmokejimas\/","title":{"rendered":"Pristatymas ir apmok\u0117jimas"},"content":{"rendered":"\n\n\n<p>I\u0161 m\u016bs\u0173 el. parduotuv\u0117s galite u\u017esisakyti \u012f pa\u0161tomat\u0105 arba kurjeriu. \u012e el. parduotuv\u0119 integruota lpexpress pa\u0161tomat\u0173 sistema. Ta\u010diau jeigu norite, kad atsiustumem i omniva galime i\u0161siusti ir ten. Tokiu atveju paskambinkit numeriu 865548377. Per lpexpress u\u017esakymai ateina grei\u010diau, gausite u\u017esakym\u0105 jau sekan\u010di\u0105 dien\u0105. I\u0161skyrus kai u\u017esisakysite sekmadien\u012f, tokiu atveju pristatysime antradien\u012f.<\/p>\n\n\n\n<p>U\u017e prekes susimok\u0117t gal\u0117sit atsiemimo metu. Jeigu pasirinksite pristatym\u0105 \u012f pa\u0161tomat\u0105 sumoket ten gal\u0117sit banko kortele. Jeigu kurjeriu- tiek grynais tiek kortele. <\/p>\n\n\n\n<p>Taip pat galime susitarti d\u0117l atsiemimo i\u0161 rank\u0173 Vilniuje. Tokiu atveju paskambinkit numeriu 865548377<\/p>\n\n\n\n<p><\/p>\n","protected":false},"excerpt":{"rendered":"<p>I\u0161 m\u016bs\u0173 el. parduotuv\u0117s galite u\u017esisakyti \u012f pa\u0161tomat\u0105 arba kurjeriu. \u012e el. parduotuv\u0119 integruota lpexpress pa\u0161tomat\u0173 sistema. Ta\u010diau jeigu norite, kad atsiustumem i omniva galime i\u0161siusti ir ten. Tokiu atveju paskambinkit numeriu 865548377. Per lpexpress u\u017esakymai ateina grei\u010diau, gausite u\u017esakym\u0105 jau sekan\u010di\u0105 dien\u0105. I\u0161skyrus kai u\u017esisakysite sekmadien\u012f, tokiu atveju pristatysime antradien\u012f. U\u017e prekes susimok\u0117t gal\u0117sit [&#8230;]\n","protected":false},"author":1,"featured_media":0,"parent":0,"menu_order":0,"comment_status":"closed","ping_status":"closed","template":"","meta":{"om_disable_all_campaigns":false,"_monsterinsights_skip_tracking":false,"_monsterinsights_sitenote_active":false,"_monsterinsights_sitenote_note":"","_monsterinsights_sitenote_category":0,"spay_email":""},"_links":{"self":[{"href":"https:\/\/autodiagnostas.lt\/index.php\/wp-json\/wp\/v2\/pages\/66"}],"collection":[{"href":"https:\/\/autodiagnostas.lt\/index.php\/wp-json\/wp\/v2\/pages"}],"about":[{"href":"https:\/\/autodiagnostas.lt\/index.php\/wp-json\/wp\/v2\/types\/page"}],"author":[{"embeddable":true,"href":"https:\/\/autodiagnostas.lt\/index.php\/wp-json\/wp\/v2\/users\/1"}],"replies":[{"embeddable":true,"href":"https:\/\/autodiagnostas.lt\/index.php\/wp-json\/wp\/v2\/comments?post=66"}],"version-history":[{"count":1,"href":"https:\/\/autodiagnostas.lt\/index.php\/wp-json\/wp\/v2\/pages\/66\/revisions"}],"predecessor-version":[{"id":67,"href":"https:\/\/autodiagnostas.lt\/index.php\/wp-json\/wp\/v2\/pages\/66\/revisions\/67"}],"wp:attachment":[{"href":"https:\/\/autodiagnostas.lt\/index.php\/wp-json\/wp\/v2\/media?parent=66"}],"curies":[{"name":"wp","href":"https:\/\/api.w.org\/{rel}","templated":true}]}}