{"id":20,"date":"2022-01-11T14:25:00","date_gmt":"2022-01-11T14:25:00","guid":{"rendered":"https:\/\/autodiagnostas.lt\/?post_type=product&#038;p=20"},"modified":"2022-01-18T14:26:51","modified_gmt":"2022-01-18T14:26:51","slug":"profesionali-diagnostika-delphi-ds150e-bluetooth","status":"publish","type":"product","link":"https:\/\/autodiagnostas.lt\/index.php\/product\/profesionali-diagnostika-delphi-ds150e-bluetooth\/","title":{"rendered":"PROFESIONALI DIAGNOSTIKA DELPHI"},"content":{"rendered":"","protected":false},"excerpt":{"rendered":"<p>Skaneris turi bluetooth funkcija, galima jungtis ir be laido<\/p>\n<p><strong>Komplektacija:<\/strong><\/p>\n<p>Skaneris su OBD2 jungtim<\/p>\n<p>Laidas usb pajungti skaneri prie kompiuterio<\/p>\n<p>Diskas su programin\u0117 \u012franga (bus jau pati <strong>naujausia versija 2020<\/strong>) ir video bei tekstine instaliacijos instrukcija. Jeigu neturit kur id\u0117t disk\u0105, program\u0105 galesiu atsiusti.<span class=\"Apple-converted-space\">\u00a0<\/span><\/p>\n<p>Perkantiems gal\u0117siu atsiusti technini\u0173 duomen\u0173 baz\u0117s autoservisams programa autodata.<\/p>\n<p>\u0160is \u012frenginys gali skaityti ir trinti gedim\u0173 kodus, rodo realaus laiko parodymus, atlieka programavimo funkcijas;<\/p>\n<p>* Pilnai dirba su eOBD\/OBD2 standartais &#8211; EOBD\/OBDII funkcij\u0173 koregavimas\/programavimas;<\/p>\n<p>* Skaito\/Dirba \u0161iomis sistemomis: Klimato kontrol\u0117s, ABS, Airbag, IMMO, Variklio, komforto sistemomis, serviso re-setinimas ir kt.<\/p>\n<p>* Instrukcijos kurios pad\u0117s jums keisti\/koreguoti nustatymus;<\/p>\n<p>* ISI (Intelligent System Identification) automati\u0161kai nuskenuos kokio tipo diagnostik\u0105 atlikti;<\/p>\n<p>* ISS (Intelligent System Scan) automati\u0161kai nuskenuos visa j\u016bs\u0173 automobilio\/sunkve\u017eimio sistem\u0105, parodys klaid\u0173 kodus kiekvienoje dalyje. Pasirinktinai gal\u0117site analizuoti kiekvien\u0105 klaid\u0105.<\/p>\n<p>* Automati\u0161kai skaito k\u0117bulo numer\u012f, tai garantuoja, kad bus atlikta tinkama diagnostika ir viskas vyksta automati\u0161kai;<\/p>\n<p>* Galima tikrinti baterijos \u012ftampos lyg\u012f ir automati\u0161kai koreguoti reikalui esant \u012f reikiama, jeigu \u012ftampos lygis per \u017eemas ar per auk\u0161tas b\u016bsite informuoti<\/p>\n","protected":false},"featured_media":64,"template":"","meta":{"om_disable_all_campaigns":false,"_monsterinsights_skip_tracking":false,"_monsterinsights_sitenote_active":false,"_monsterinsights_sitenote_note":"","_monsterinsights_sitenote_category":0,"spay_email":""},"product_cat":[32,16,40,17,44,31,30,27,28,24,35,22,29,26,42,18,39,25,19,34,33,41,36,37,38,23,20,21],"product_tag":[],"_links":{"self":[{"href":"https:\/\/autodiagnostas.lt\/index.php\/wp-json\/wp\/v2\/product\/20"}],"collection":[{"href":"https:\/\/autodiagnostas.lt\/index.php\/wp-json\/wp\/v2\/product"}],"about":[{"href":"https:\/\/autodiagnostas.lt\/index.php\/wp-json\/wp\/v2\/types\/product"}],"wp:featuredmedia":[{"embeddable":true,"href":"https:\/\/autodiagnostas.lt\/index.php\/wp-json\/wp\/v2\/media\/64"}],"wp:attachment":[{"href":"https:\/\/autodiagnostas.lt\/index.php\/wp-json\/wp\/v2\/media?parent=20"}],"wp:term":[{"taxonomy":"product_cat","embeddable":true,"href":"https:\/\/autodiagnostas.lt\/index.php\/wp-json\/wp\/v2\/product_cat?post=20"},{"taxonomy":"product_tag","embeddable":true,"href":"https:\/\/autodiagnostas.lt\/index.php\/wp-json\/wp\/v2\/product_tag?post=20"}],"curies":[{"name":"wp","href":"https:\/\/api.w.org\/{rel}","templated":true}]}}